{"id":10805,"date":"2023-05-16T14:24:43","date_gmt":"2023-05-16T14:24:43","guid":{"rendered":"https:\/\/mbws.com\/legal-information"},"modified":"2023-09-07T22:50:47","modified_gmt":"2023-09-07T22:50:47","slug":"legal-information","status":"publish","type":"page","link":"https:\/\/mbws.com\/en\/legal-information","title":{"rendered":"Legal information"},"content":{"rendered":"<div class=\"wpb-content-wrapper\"><p>[vc_section full_width=&#8221;stretch_row_content&#8221; el_class=&#8221;section-hero-classic&#8221; css=&#8221;.vc_custom_1684247203829{background-image: url(https:\/\/mbws.com\/wp-content\/uploads\/2023\/05\/mention-legales.png?id=201) !important;}&#8221;][vc_row full_width=&#8221;stretch_row_content_no_spaces&#8221; el_class=&#8221;section-hero-classic-container&#8221;][vc_column][vc_column_text el_class=&#8221;color-white text-47 medium&#8221;]<\/p>\n<h1>Legal information<\/h1>\n<p>[\/vc_column_text][\/vc_column][\/vc_row][\/vc_section][vc_section el_class=&#8221;section-legales-listing&#8221;][vc_row el_class=&#8221;section-legales-listing-container&#8221;][vc_column][vc_column_text el_class=&#8221;text-30 color-black medium&#8221;]<\/p>\n<h2>Editor of this website, responsible for publication<br \/>\nmbws.fr<\/h2>\n<p>[\/vc_column_text][vc_column_text el_class=&#8221;text-17 color-black regular&#8221;]Address:<br \/>\nMARIE BRIZARD WINE &amp; SPIRITS<br \/>\n10-12, avenue du G\u00e9n\u00e9ral de Gaulle<br \/>\n94220 Charenton-le-Pont<br \/>\nFRANCE<br \/>\nR.C.S. Cr\u00e9teil under number 380 695 213<br \/>\nTel: +33 (0)1 46 82 05 05<br \/>\ninfo@mbws.com<\/p>\n<p>Production and Hosting<br \/>\nRealization<br \/>\n<a href=\"http:\/\/4beez.agency\">4Beez<\/a><br \/>\n24 rue de clichy<br \/>\n75009 Paris<br \/>\nTel: +33(0<span aria-label=\"Appeler le +33 1 76 54 30 97\">)1 76 54 30 97<\/span><\/p>\n<p>Hosting<br \/>\nSafeBrands<br \/>\nSiret: 412 721 524 RCS Marseille<br \/>\nCNIL Declaration N\u00b0 538608<br \/>\nP\u00f4le Media de la Belle de Mai<br \/>\n37, rue Guibal<br \/>\n13356 Marseille Cedex 3<br \/>\nFrance<\/p>\n<p>Telephone: +33 (0)4 88 66 22 22<br \/>\nFax: +33 (0)4 88 66 22 20<\/p>\n<p>Site access<br \/>\nhttp:\/\/fr.mbws.com<br \/>\nAccess to the site is restricted to adults and is free of charge, except for the cost of any Internet connection.<br \/>\nThe user acknowledges having been informed that the present site is accessible 24 hours a day, 7 days a week, except in cases of force majeure, computer difficulties, difficulties linked to the structure of communications networks or technical difficulties.<br \/>\nUsers of the &#8220;http:\/\/fr.mbws.com&#8221; website acknowledge that they have the skills and resources required to access and use this website. In accordance with the French Data Protection Act of January 6, 1978, this website has been registered with the Commission Nationale de l&#8217;Informatique et des Libert\u00e9s (CNIL &#8211; www.cnil.fr). Users of the website are required to comply with the provisions of the French Data Protection Act (loi relative \u00e0 l&#8217;informatique, aux fichiers et aux libert\u00e9s), any breach of which may result in criminal penalties. In particular, they must refrain from collecting or misusing any personal information to which they have access, and in general from any action likely to infringe the privacy or reputation of individuals.<\/p>\n<p>Site content<br \/>\nmbws.com provides users of the http:\/\/fr.mbws.com website with available and verified information and tools concerning products intended exclusively for professionals, but cannot be held responsible for errors or the unavailability of certain information. We would be grateful if users of the site could inform us of any omissions, errors or corrections, by sending an e-mail to the site&#8217;s webmaster at info_at_mbws_point_en.<\/p>\n<p>Property<br \/>\nThe general structure, as well as the software, texts, animated or still images, sounds, know-how, drawings, graphics, logos and trademarks, and all other elements making up the http:\/\/fr.mbws.com website, are the exclusive property of Marie Brizard Wine &amp; Spirits. Any total or partial representation of this site, as well as the brands and logos appearing on it, by any process whatsoever, without the express authorization of Marie Brizard Wine &amp; Spirits, is prohibited and constitutes an infringement punishable by articles L335-2 et seq. of the French Intellectual Property Code. MBWS cannot be held liable for the hypertext links set up within the framework of this website to other resources on the Internet.<\/p>\n<p>Personal data<br \/>\nIn accordance with the provisions of the French Data Protection Act of January 6, 1978, the automated processing of nominative data from the Internet portal has been declared to the Commission Nationale de l&#8217;Informatique et des Libert\u00e9s (CNIL &#8211; www.cnil.fr). In accordance with article 27 of the aforementioned law of 1978, the user is informed in particular:<br \/>\nThat the information provided in the forms on the website may be transmitted to and used by Marie Brizard Wine &amp; Spirits.<br \/>\nThey also have the right to access and rectify their data.<\/p>\n<p>This right of access and rectification can be exercised by e-mail to the following address info_at_mbws_point_fr or by post addressed to :<br \/>\nMARIE BRIZARD WINE &amp; SPIRITS<br \/>\n10-12, Avenue du G\u00e9n\u00e9ral de Gaulle<br \/>\n94220 Charenton-le-Pont<br \/>\nFrance<\/p>\n<p>In the event of rectification, we will send you a copy of the rectified information on request. The personal information about you collected within the framework of this site is intended for the services of other companies commissioned by us to respond to your requests. IP addresses are intended for purely technical use and for consultation statistics. Mail and documents received or sent via e-mail are kept for a period of one year, after which they are saved. The personal information you provide will be kept for a period of one year and then archived.<\/p>\n<p>Cookies<br \/>\nmbws.fr wishes to place a &#8220;cookie&#8221; on your computer. A cookie does not allow us to identify you. In general, it records information relating to your computer&#8217;s browsing on our site (display language, preferred currency, anonymous statistical data, etc.) which we can read during your subsequent visits. In this case, it contains the information you have just provided. Statistical data is stored on your computer for a maximum of 730 days.<br \/>\nWe draw your attention to the fact that refusing cookies may reduce the user-friendliness of the mbws.fr site, and even make it impossible to use certain functions, such as online booking.<\/p>\n<p>Applicable law<br \/>\nThe use of this website is governed by French law to the exclusion of all other legislation.[\/vc_column_text][\/vc_column][\/vc_row][\/vc_section]<\/p>\n<\/div>","protected":false},"excerpt":{"rendered":"<p>[vc_section full_width=&#8221;stretch_row_content&#8221; el_class=&#8221;section-hero-classic&#8221; css=&#8221;.vc_custom_1684247203829{background-image: url(https:\/\/mbws.com\/wp-content\/uploads\/2023\/05\/mention-legales.png?id=201) !important;}&#8221;][vc_row full_width=&#8221;stretch_row_content_no_spaces&#8221; el_class=&#8221;section-hero-classic-container&#8221;][vc_column][vc_column_text el_class=&#8221;color-white text-47 medium&#8221;] Legal information [\/vc_column_text][\/vc_column][\/vc_row][\/vc_section][vc_section el_class=&#8221;section-legales-listing&#8221;][vc_row el_class=&#8221;section-legales-listing-container&#8221;][vc_column][vc_column_text el_class=&#8221;text-30 color-black medium&#8221;] Editor of this website, responsible for publication mbws.fr [\/vc_column_text][vc_column_text el_class=&#8221;text-17 color-black regular&#8221;]Address: MARIE BRIZARD WINE &amp; SPIRITS 10-12, avenue du G\u00e9n\u00e9ral de Gaulle 94220 Charenton-le-Pont FRANCE R.C.S. Cr\u00e9teil under number 380 695 213 Tel: +33 (0)1 &hellip; <\/p>\n","protected":false},"author":1,"featured_media":0,"parent":0,"menu_order":0,"comment_status":"closed","ping_status":"closed","template":"","meta":{"_acf_changed":false,"footnotes":""},"class_list":["post-10805","page","type-page","status-publish","hentry"],"acf":[],"yoast_head":"<!-- This site is optimized with the Yoast SEO plugin v27.1.1 - https:\/\/yoast.com\/product\/yoast-seo-wordpress\/ -->\n<title>Legal information - MBWS<\/title>\n<meta name=\"robots\" content=\"index, follow, max-snippet:-1, max-image-preview:large, max-video-preview:-1\" \/>\n<link rel=\"canonical\" href=\"https:\/\/mbws.com\/en\/legal-information\" \/>\n<meta property=\"og:locale\" content=\"en_US\" \/>\n<meta property=\"og:type\" content=\"article\" \/>\n<meta property=\"og:title\" content=\"Legal information - MBWS\" \/>\n<meta property=\"og:description\" content=\"[vc_section full_width=&#8221;stretch_row_content&#8221; el_class=&#8221;section-hero-classic&#8221; css=&#8221;.vc_custom_1684247203829{background-image: url(https:\/\/mbws.com\/wp-content\/uploads\/2023\/05\/mention-legales.png?id=201) !important;}&#8221;][vc_row full_width=&#8221;stretch_row_content_no_spaces&#8221; el_class=&#8221;section-hero-classic-container&#8221;][vc_column][vc_column_text el_class=&#8221;color-white text-47 medium&#8221;] Legal information [\/vc_column_text][\/vc_column][\/vc_row][\/vc_section][vc_section el_class=&#8221;section-legales-listing&#8221;][vc_row el_class=&#8221;section-legales-listing-container&#8221;][vc_column][vc_column_text el_class=&#8221;text-30 color-black medium&#8221;] Editor of this website, responsible for publication mbws.fr [\/vc_column_text][vc_column_text el_class=&#8221;text-17 color-black regular&#8221;]Address: MARIE BRIZARD WINE &amp; SPIRITS 10-12, avenue du G\u00e9n\u00e9ral de Gaulle 94220 Charenton-le-Pont FRANCE R.C.S. Cr\u00e9teil under number 380 695 213 Tel: +33 (0)1 &hellip;\" \/>\n<meta property=\"og:url\" content=\"https:\/\/mbws.com\/en\/legal-information\" \/>\n<meta property=\"og:site_name\" content=\"MBWS\" \/>\n<meta property=\"article:modified_time\" content=\"2023-09-07T22:50:47+00:00\" \/>\n<meta name=\"twitter:card\" content=\"summary_large_image\" \/>\n<meta name=\"twitter:label1\" content=\"Est. reading time\" \/>\n\t<meta name=\"twitter:data1\" content=\"4 minutes\" \/>\n<script type=\"application\/ld+json\" class=\"yoast-schema-graph\">{\"@context\":\"https:\/\/schema.org\",\"@graph\":[{\"@type\":\"WebPage\",\"@id\":\"https:\/\/mbws.com\/en\/legal-information\",\"url\":\"https:\/\/mbws.com\/en\/legal-information\",\"name\":\"Legal information - MBWS\",\"isPartOf\":{\"@id\":\"https:\/\/mbws.com\/#website\"},\"datePublished\":\"2023-05-16T14:24:43+00:00\",\"dateModified\":\"2023-09-07T22:50:47+00:00\",\"breadcrumb\":{\"@id\":\"https:\/\/mbws.com\/en\/legal-information#breadcrumb\"},\"inLanguage\":\"en-US\",\"potentialAction\":[{\"@type\":\"ReadAction\",\"target\":[\"https:\/\/mbws.com\/en\/legal-information\"]}]},{\"@type\":\"BreadcrumbList\",\"@id\":\"https:\/\/mbws.com\/en\/legal-information#breadcrumb\",\"itemListElement\":[{\"@type\":\"ListItem\",\"position\":1,\"name\":\"Accueil\",\"item\":\"https:\/\/mbws.com\/en\"},{\"@type\":\"ListItem\",\"position\":2,\"name\":\"Legal information\"}]},{\"@type\":\"WebSite\",\"@id\":\"https:\/\/mbws.com\/#website\",\"url\":\"https:\/\/mbws.com\/\",\"name\":\"MBWS\",\"description\":\"\",\"publisher\":{\"@id\":\"https:\/\/mbws.com\/#organization\"},\"potentialAction\":[{\"@type\":\"SearchAction\",\"target\":{\"@type\":\"EntryPoint\",\"urlTemplate\":\"https:\/\/mbws.com\/?s={search_term_string}\"},\"query-input\":{\"@type\":\"PropertyValueSpecification\",\"valueRequired\":true,\"valueName\":\"search_term_string\"}}],\"inLanguage\":\"en-US\"},{\"@type\":\"Organization\",\"@id\":\"https:\/\/mbws.com\/#organization\",\"name\":\"MBWS\",\"url\":\"https:\/\/mbws.com\/\",\"logo\":{\"@type\":\"ImageObject\",\"inLanguage\":\"en-US\",\"@id\":\"https:\/\/mbws.com\/#\/schema\/logo\/image\/\",\"url\":\"https:\/\/mbws.com\/wp-content\/uploads\/2023\/05\/logo-header.png\",\"contentUrl\":\"https:\/\/mbws.com\/wp-content\/uploads\/2023\/05\/logo-header.png\",\"width\":70,\"height\":89,\"caption\":\"MBWS\"},\"image\":{\"@id\":\"https:\/\/mbws.com\/#\/schema\/logo\/image\/\"}}]}<\/script>\n<!-- \/ Yoast SEO plugin. -->","yoast_head_json":{"title":"Legal information - MBWS","robots":{"index":"index","follow":"follow","max-snippet":"max-snippet:-1","max-image-preview":"max-image-preview:large","max-video-preview":"max-video-preview:-1"},"canonical":"https:\/\/mbws.com\/en\/legal-information","og_locale":"en_US","og_type":"article","og_title":"Legal information - MBWS","og_description":"[vc_section full_width=&#8221;stretch_row_content&#8221; el_class=&#8221;section-hero-classic&#8221; css=&#8221;.vc_custom_1684247203829{background-image: url(https:\/\/mbws.com\/wp-content\/uploads\/2023\/05\/mention-legales.png?id=201) !important;}&#8221;][vc_row full_width=&#8221;stretch_row_content_no_spaces&#8221; el_class=&#8221;section-hero-classic-container&#8221;][vc_column][vc_column_text el_class=&#8221;color-white text-47 medium&#8221;] Legal information [\/vc_column_text][\/vc_column][\/vc_row][\/vc_section][vc_section el_class=&#8221;section-legales-listing&#8221;][vc_row el_class=&#8221;section-legales-listing-container&#8221;][vc_column][vc_column_text el_class=&#8221;text-30 color-black medium&#8221;] Editor of this website, responsible for publication mbws.fr [\/vc_column_text][vc_column_text el_class=&#8221;text-17 color-black regular&#8221;]Address: MARIE BRIZARD WINE &amp; SPIRITS 10-12, avenue du G\u00e9n\u00e9ral de Gaulle 94220 Charenton-le-Pont FRANCE R.C.S. Cr\u00e9teil under number 380 695 213 Tel: +33 (0)1 &hellip;","og_url":"https:\/\/mbws.com\/en\/legal-information","og_site_name":"MBWS","article_modified_time":"2023-09-07T22:50:47+00:00","twitter_card":"summary_large_image","twitter_misc":{"Est. reading time":"4 minutes"},"schema":{"@context":"https:\/\/schema.org","@graph":[{"@type":"WebPage","@id":"https:\/\/mbws.com\/en\/legal-information","url":"https:\/\/mbws.com\/en\/legal-information","name":"Legal information - MBWS","isPartOf":{"@id":"https:\/\/mbws.com\/#website"},"datePublished":"2023-05-16T14:24:43+00:00","dateModified":"2023-09-07T22:50:47+00:00","breadcrumb":{"@id":"https:\/\/mbws.com\/en\/legal-information#breadcrumb"},"inLanguage":"en-US","potentialAction":[{"@type":"ReadAction","target":["https:\/\/mbws.com\/en\/legal-information"]}]},{"@type":"BreadcrumbList","@id":"https:\/\/mbws.com\/en\/legal-information#breadcrumb","itemListElement":[{"@type":"ListItem","position":1,"name":"Accueil","item":"https:\/\/mbws.com\/en"},{"@type":"ListItem","position":2,"name":"Legal information"}]},{"@type":"WebSite","@id":"https:\/\/mbws.com\/#website","url":"https:\/\/mbws.com\/","name":"MBWS","description":"","publisher":{"@id":"https:\/\/mbws.com\/#organization"},"potentialAction":[{"@type":"SearchAction","target":{"@type":"EntryPoint","urlTemplate":"https:\/\/mbws.com\/?s={search_term_string}"},"query-input":{"@type":"PropertyValueSpecification","valueRequired":true,"valueName":"search_term_string"}}],"inLanguage":"en-US"},{"@type":"Organization","@id":"https:\/\/mbws.com\/#organization","name":"MBWS","url":"https:\/\/mbws.com\/","logo":{"@type":"ImageObject","inLanguage":"en-US","@id":"https:\/\/mbws.com\/#\/schema\/logo\/image\/","url":"https:\/\/mbws.com\/wp-content\/uploads\/2023\/05\/logo-header.png","contentUrl":"https:\/\/mbws.com\/wp-content\/uploads\/2023\/05\/logo-header.png","width":70,"height":89,"caption":"MBWS"},"image":{"@id":"https:\/\/mbws.com\/#\/schema\/logo\/image\/"}}]}},"_links":{"self":[{"href":"https:\/\/mbws.com\/en\/wp-json\/wp\/v2\/pages\/10805","targetHints":{"allow":["GET"]}}],"collection":[{"href":"https:\/\/mbws.com\/en\/wp-json\/wp\/v2\/pages"}],"about":[{"href":"https:\/\/mbws.com\/en\/wp-json\/wp\/v2\/types\/page"}],"author":[{"embeddable":true,"href":"https:\/\/mbws.com\/en\/wp-json\/wp\/v2\/users\/1"}],"replies":[{"embeddable":true,"href":"https:\/\/mbws.com\/en\/wp-json\/wp\/v2\/comments?post=10805"}],"version-history":[{"count":2,"href":"https:\/\/mbws.com\/en\/wp-json\/wp\/v2\/pages\/10805\/revisions"}],"predecessor-version":[{"id":10807,"href":"https:\/\/mbws.com\/en\/wp-json\/wp\/v2\/pages\/10805\/revisions\/10807"}],"wp:attachment":[{"href":"https:\/\/mbws.com\/en\/wp-json\/wp\/v2\/media?parent=10805"}],"curies":[{"name":"wp","href":"https:\/\/api.w.org\/{rel}","templated":true}]}}